{"id":2619,"date":"2020-05-12T10:55:07","date_gmt":"2020-05-12T10:55:07","guid":{"rendered":"http:\/\/smartinnovates.com\/themes\/canteen\/wp\/?page_id=5"},"modified":"2021-10-06T23:38:04","modified_gmt":"2021-10-06T21:38:04","slug":"home-main","status":"publish","type":"page","link":"http:\/\/www.aupontcorbeau.fr\/","title":{"rendered":"Home-Main"},"content":{"rendered":"\t\t<div data-elementor-type=\"wp-post\" data-elementor-id=\"2619\" class=\"elementor elementor-2619\" data-elementor-settings=\"[]\">\r\n\t\t\t\t\t\t<div class=\"elementor-inner\">\r\n\t\t\t\t\t\t\t<div class=\"elementor-section-wrap\">\r\n\t\t\t\t\t\t\t<section class=\"elementor-section elementor-top-section elementor-element elementor-element-19f9f796 elementor-section-stretched elementor-section-full_width elementor-section-content-middle elementor-section-height-default elementor-section-height-default\" data-id=\"19f9f796\" data-element_type=\"section\" data-settings=\"{&quot;stretch_section&quot;:&quot;section-stretched&quot;}\">\r\n\t\t\t\t\t\t<div class=\"elementor-container elementor-column-gap-no\">\r\n\t\t\t\t\t\t\t<div class=\"elementor-row\">\r\n\t\t\t\t\t<div class=\"elementor-column elementor-col-100 elementor-top-column elementor-element elementor-element-3244cee4\" data-id=\"3244cee4\" data-element_type=\"column\">\r\n\t\t\t<div class=\"elementor-column-wrap elementor-element-populated\">\r\n\t\t\t\t\t\t\t<div class=\"elementor-widget-wrap\">\r\n\t\t\t\t\t\t<div class=\"elementor-element elementor-element-47adc4e6 elementor-widget elementor-widget-dsc-slider\" data-id=\"47adc4e6\" data-element_type=\"widget\" data-settings=\"{&quot;slider_speed&quot;:120000}\" data-widget_type=\"dsc-slider.default\">\r\n\t\t\t\t<div class=\"elementor-widget-container\">\r\n\t\t\t\r\n        \r\r\n        \r\r\n        <div class=\"slider home-slider  ani-slider  clearfix slider-style-2\" data-slick='{\"autoplaySpeed\": 120000}'>\r\r\n        \r\r\n\t\t\t \r\r\n                \r\r\n                <div class=\"item slide clearfix\">\r\r\n                \r\r\n                  <div class=\"slider-img-bg  \"  \r\r\n                  style=\"background-image:url(http:\/\/www.resto.quentinmartin.fr\/wp-content\/uploads\/2020\/10\/1.jpg);\" ><\/div>\r\r\n                  \r\r\n                  <div class=\"slider-mask\" data-animation=\"slideUpReturn\" data-delay=\"0.2s\">\r\r\n                  \t<div class=\"line-item\"><\/div>\r\r\n                  \t<div class=\"line-item\"><\/div>\r\r\n                  \t<div class=\"line-item\"><\/div>\r\r\n                  \t<div class=\"line-item\"><\/div>\r\r\n                  <\/div>\r\r\n                  \r\r\n                  <div class=\"caption-box clearfix\"> \r\r\n                      \r\r\n                      <div class=\"slider-box container\">\r\r\n                      <div class=\"slider-content\">\r\r\n                      \r\r\n                      \t  \r\n                          <p class=\"slider-subtitle\" data-animation=\"fadeIn\" data-delay=\"1.5s\">\r\r\n                              Reservation au <span style=\"font-weight : bold\"> 03.88.35.60.68 <\/span>\r\n                          <\/p>\r\r\n                          \r\n                          \r\r\n                          \r\n                          \r\r\n                          <div class=\"slider-hidden\">\r\r\n                              <h3 class=\"slider-title\" data-splitting><\/h3>\r\r\n                          <\/div><!--\/.slider-hidden--> \r\r\n                          \r\r\n                          \r\n                          \r\r\n                          \r\n                          \r\r\n                          \r\n                          \r\n                              <div class=\"btn-relative\" data-animation=\"swashIn\" data-delay=\"1.8s\" data-animation-duration=\"1s\">\r\r\n                                <a class=\"slider-btn dsc-btn-style2\" href=\"#winstub\" target=\"_blank\">\r\n                                \t \r\r\n                                        \r\r\n                                 \tLA WINSTUB\r\n                                 <\/a> \r\r\n                              <\/div><!--\/.btn-relative-->\r\r\n                          \r\n                              \r\r\n                      <\/div><!--\/.slider-content-->\r\r\n                  <\/div><!--\/.slider-box-->\r\r\n                  \r\r\n                     \r\r\n                      \r\r\n                  <\/div><!--\/.caption-box-->\r\r\n                <\/div><!--\/.slide-->\r\r\n\t\t\t\t\r\r\n\t\t\t\t \r\r\n                \r\r\n                <div class=\"item slide clearfix\">\r\r\n                \r\r\n                  <div class=\"slider-img-bg  \"  \r\r\n                  style=\"background-image:url(http:\/\/www.resto.quentinmartin.fr\/wp-content\/uploads\/2020\/10\/5.jpg);\" ><\/div>\r\r\n                  \r\r\n                  <div class=\"slider-mask\" data-animation=\"slideUpReturn\" data-delay=\"0.2s\">\r\r\n                  \t<div class=\"line-item\"><\/div>\r\r\n                  \t<div class=\"line-item\"><\/div>\r\r\n                  \t<div class=\"line-item\"><\/div>\r\r\n                  \t<div class=\"line-item\"><\/div>\r\r\n                  <\/div>\r\r\n                  \r\r\n                  <div class=\"caption-box clearfix\"> \r\r\n                      \r\r\n                      <div class=\"slider-box container\">\r\r\n                      <div class=\"slider-content\">\r\r\n                      \r\r\n                      \t  \r\n                          <p class=\"slider-subtitle\" data-animation=\"fadeIn\" data-delay=\"1.5s\">\r\r\n                              Reservation au <span style=\"font-weight : bold\"> 03.88.35.60.68 <\/span>\r\n                          <\/p>\r\r\n                          \r\n                          \r\r\n                          \r\n                          \r\r\n                          <div class=\"slider-hidden\">\r\r\n                              <h3 class=\"slider-title\" data-splitting><\/h3>\r\r\n                          <\/div><!--\/.slider-hidden--> \r\r\n                          \r\r\n                          \r\n                          \r\r\n                          \r\n                          \r\r\n                          \r\n                          \r\n                              <div class=\"btn-relative\" data-animation=\"swashIn\" data-delay=\"1.8s\" data-animation-duration=\"1s\">\r\r\n                                <a class=\"slider-btn dsc-btn-style2\" href=\"#winstub\" target=\"_blank\">\r\n                                \t \r\r\n                                        \r\r\n                                 \tLA WINSTUB\r\n                                 <\/a> \r\r\n                              <\/div><!--\/.btn-relative-->\r\r\n                          \r\n                              \r\r\n                      <\/div><!--\/.slider-content-->\r\r\n                  <\/div><!--\/.slider-box-->\r\r\n                  \r\r\n                     \r\r\n                      \r\r\n                  <\/div><!--\/.caption-box-->\r\r\n                <\/div><!--\/.slide-->\r\r\n\t\t\t\t\r\r\n\t\t\t\t\r\n\t\t<\/div>\r\r\n\t\t\r\r\n\t\t\r\r\n\t\t\t\t<\/div>\r\n\t\t\t\t<\/div>\r\n\t\t\t\t\t\t<\/div>\r\n\t\t\t\t\t<\/div>\r\n\t\t<\/div>\r\n\t\t\t\t\t\t\t\t<\/div>\r\n\t\t\t\t\t<\/div>\r\n\t\t<\/section>\r\n\t\t\t\t<section class=\"elementor-section elementor-top-section elementor-element elementor-element-58a5a3e elementor-section-boxed elementor-section-height-default elementor-section-height-default\" data-id=\"58a5a3e\" data-element_type=\"section\" data-settings=\"{&quot;background_background&quot;:&quot;classic&quot;}\">\r\n\t\t\t\t\t\t\t<div class=\"elementor-background-overlay\"><\/div>\r\n\t\t\t\t\t\t\t<div class=\"elementor-container elementor-column-gap-default\">\r\n\t\t\t\t\t\t\t<div class=\"elementor-row\">\r\n\t\t\t\t\t<div class=\"elementor-column elementor-col-100 elementor-top-column elementor-element elementor-element-1012bd1\" data-id=\"1012bd1\" data-element_type=\"column\">\r\n\t\t\t<div class=\"elementor-column-wrap elementor-element-populated\">\r\n\t\t\t\t\t\t\t<div class=\"elementor-widget-wrap\">\r\n\t\t\t\t\t\t<div class=\"elementor-element elementor-element-f347173 elementor-widget elementor-widget-image\" data-id=\"f347173\" data-element_type=\"widget\" data-widget_type=\"image.default\">\r\n\t\t\t\t<div class=\"elementor-widget-container\">\r\n\t\t\t\t\t<div class=\"elementor-image\">\r\n\t\t\t\t\t\t\t\t\t\t<img width=\"768\" height=\"167\" src=\"http:\/\/www.aupontcorbeau.fr\/wp-content\/uploads\/2020\/10\/30102020-DSC_2428-768x167.png\" class=\"attachment-medium_large size-medium_large\" alt=\"\" loading=\"lazy\" \/>\t\t\t\t\t\t\t\t\t\t\t<\/div>\r\n\t\t\t\t<\/div>\r\n\t\t\t\t<\/div>\r\n\t\t\t\t<div class=\"elementor-element elementor-element-6b5cc9c elementor-widget elementor-widget-text-editor\" data-id=\"6b5cc9c\" data-element_type=\"widget\" data-widget_type=\"text-editor.default\">\r\n\t\t\t\t<div class=\"elementor-widget-container\">\r\n\t\t\t\t\t<div class=\"elementor-text-editor elementor-clearfix\"><\/div>\r\n\t\t\t\t<\/div>\r\n\t\t\t\t<\/div>\r\n\t\t\t\t<div class=\"elementor-element elementor-element-9cf452d elementor-widget elementor-widget-image\" data-id=\"9cf452d\" data-element_type=\"widget\" data-widget_type=\"image.default\">\r\n\t\t\t\t<div class=\"elementor-widget-container\">\r\n\t\t\t\t\t<div class=\"elementor-image\">\r\n\t\t\t\t\t\t\t\t\t\t<img width=\"150\" height=\"150\" src=\"http:\/\/www.aupontcorbeau.fr\/wp-content\/uploads\/2020\/10\/logo-150x150.png\" class=\"attachment-thumbnail size-thumbnail\" alt=\"\" loading=\"lazy\" \/>\t\t\t\t\t\t\t\t\t\t\t<\/div>\r\n\t\t\t\t<\/div>\r\n\t\t\t\t<\/div>\r\n\t\t\t\t<div class=\"elementor-element elementor-element-5c78b79 elementor-widget elementor-widget-spacer\" data-id=\"5c78b79\" data-element_type=\"widget\" data-widget_type=\"spacer.default\">\r\n\t\t\t\t<div class=\"elementor-widget-container\">\r\n\t\t\t\t\t<div class=\"elementor-spacer\">\r\n\t\t\t<div class=\"elementor-spacer-inner\"><\/div>\r\n\t\t<\/div>\r\n\t\t\t\t<\/div>\r\n\t\t\t\t<\/div>\r\n\t\t\t\t\t\t<\/div>\r\n\t\t\t\t\t<\/div>\r\n\t\t<\/div>\r\n\t\t\t\t\t\t\t\t<\/div>\r\n\t\t\t\t\t<\/div>\r\n\t\t<\/section>\r\n\t\t\t\t<section class=\"elementor-section elementor-top-section elementor-element elementor-element-57e1334 elementor-section-boxed elementor-section-height-default elementor-section-height-default\" data-id=\"57e1334\" data-element_type=\"section\" id=\"winstub\" data-settings=\"{&quot;background_background&quot;:&quot;classic&quot;}\">\r\n\t\t\t\t\t\t\t<div class=\"elementor-background-overlay\"><\/div>\r\n\t\t\t\t\t\t\t<div class=\"elementor-container elementor-column-gap-default\">\r\n\t\t\t\t\t\t\t<div class=\"elementor-row\">\r\n\t\t\t\t\t<div class=\"elementor-column elementor-col-100 elementor-top-column elementor-element elementor-element-2808158\" data-id=\"2808158\" data-element_type=\"column\">\r\n\t\t\t<div class=\"elementor-column-wrap elementor-element-populated\">\r\n\t\t\t\t\t\t\t<div class=\"elementor-widget-wrap\">\r\n\t\t\t\t\t\t<section class=\"elementor-section elementor-inner-section elementor-element elementor-element-1e4378c elementor-section-boxed elementor-section-height-default elementor-section-height-default\" data-id=\"1e4378c\" data-element_type=\"section\">\r\n\t\t\t\t\t\t<div class=\"elementor-container elementor-column-gap-default\">\r\n\t\t\t\t\t\t\t<div class=\"elementor-row\">\r\n\t\t\t\t\t<div class=\"elementor-column elementor-col-100 elementor-inner-column elementor-element elementor-element-2c75de3\" data-id=\"2c75de3\" data-element_type=\"column\">\r\n\t\t\t<div class=\"elementor-column-wrap elementor-element-populated\">\r\n\t\t\t\t\t\t\t<div class=\"elementor-widget-wrap\">\r\n\t\t\t\t\t\t<div class=\"elementor-element elementor-element-2709582 elementor-widget elementor-widget-heading\" data-id=\"2709582\" data-element_type=\"widget\" id=\"plat\" data-widget_type=\"heading.default\">\r\n\t\t\t\t<div class=\"elementor-widget-container\">\r\n\t\t\t<h3 class=\"elementor-heading-title elementor-size-default\">La Winstub<\/h3>\t\t<\/div>\r\n\t\t\t\t<\/div>\r\n\t\t\t\t\t\t<\/div>\r\n\t\t\t\t\t<\/div>\r\n\t\t<\/div>\r\n\t\t\t\t\t\t\t\t<\/div>\r\n\t\t\t\t\t<\/div>\r\n\t\t<\/section>\r\n\t\t\t\t<div class=\"elementor-element elementor-element-fe616c6 elementor-widget__width-initial elementor-widget elementor-widget-html\" data-id=\"fe616c6\" data-element_type=\"widget\" data-widget_type=\"html.default\">\r\n\t\t\t\t<div class=\"elementor-widget-container\">\r\n\t\t\t<center><iframe loading=\"lazy\" src=\"https:\/\/www.facebook.com\/plugins\/video.php?href=https%3A%2F%2Fwww.facebook.com%2FElleatable%2Fvideos%2F1004163533432327%2F&show_text=0&width=476\" width=\"476\" height=\"476\" style=\"border:none;overflow:hidden\" scrolling=\"no\" frameborder=\"0\" allowTransparency=\"true\" allowFullScreen=\"true\"><\/iframe><\/center>\t\t<\/div>\r\n\t\t\t\t<\/div>\r\n\t\t\t\t<div class=\"elementor-element elementor-element-dc85152 elementor-widget elementor-widget-text-editor\" data-id=\"dc85152\" data-element_type=\"widget\" data-widget_type=\"text-editor.default\">\r\n\t\t\t\t<div class=\"elementor-widget-container\">\r\n\t\t\t\t\t<div class=\"elementor-text-editor elementor-clearfix\"><blockquote><p style=\"text-align: center;\"><em>\u00c0 c\u00f4t\u00e9 du Mus\u00e9e alsacien d\u00e9di\u00e9 \u00e0 l&#8217;art populaire, une savoureuse mani\u00e8re de passer \u00e0 la pratique ! Tout s\u00e9duit dans cette authentique winstub tenue en famille : le d\u00e9cor traditionnel (\u00e9l\u00e9ments Renaissance, affiches), le choix de vins et, bien s\u00fbr, la cuisine alsacienne, appuy\u00e9e sur un r\u00e9seau de producteurs locaux&#8230; Coup de c\u0153ur !<\/em><\/p><p style=\"text-align: center;\"><a href=\"https:\/\/guide.michelin.com\/fr\/fr\/grand-est\/strasbourg\/restaurant\/au-pont-du-corbeau\" target=\"_blank\" rel=\"noopener\">guide.michelin.com<\/a><\/p><\/blockquote><p>\u00a0<\/p><blockquote><p style=\"text-align: center;\"><em>La winstub du quai St-Nicolas propose une cuisine traditionnelle et authentique. A l\u2019image d\u2019une confr\u00e9rie qui cultive convivialit\u00e9, bonne ch\u00e8re, bon vin et partage.<\/em><\/p><p style=\"text-align: center;\"><em><a href=\"https:\/\/www.ami-hebdo.com\/ami-resto\/2016\/05\/12\/confrerie-bons-vivants\/\" target=\"_blank\" rel=\"noopener\"> ami-hebdo.com<\/a><\/em><\/p><\/blockquote><p>\u00a0<\/p><blockquote><p style=\"text-align: center;\">\u00c0 Strasbourg, la r\u00e9putation du Pont Corbeau n&#8217;est plus \u00e0 faire ! Cette authentique winstub a su s\u00e9duire le c\u0153ur et le ventre des gourmands depuis plus de 30 ans avec le must des sp\u00e9cialit\u00e9s alsaciennes.<\/p><p style=\"text-align: center;\"><a href=\"https:\/\/www.thefork.fr\/restaurant\/au-pont-corbeau-r43457\">thefork.fr<\/a><\/p><\/blockquote><\/div>\r\n\t\t\t\t<\/div>\r\n\t\t\t\t<\/div>\r\n\t\t\t\t<div class=\"elementor-element elementor-element-86dda06 elementor-widget elementor-widget-image\" data-id=\"86dda06\" data-element_type=\"widget\" data-widget_type=\"image.default\">\r\n\t\t\t\t<div class=\"elementor-widget-container\">\r\n\t\t\t\t\t<div class=\"elementor-image\">\r\n\t\t\t\t\t\t\t\t\t\t<img width=\"150\" height=\"150\" src=\"http:\/\/www.aupontcorbeau.fr\/wp-content\/uploads\/2020\/10\/logo-150x150.png\" class=\"attachment-thumbnail size-thumbnail\" alt=\"\" loading=\"lazy\" \/>\t\t\t\t\t\t\t\t\t\t\t<\/div>\r\n\t\t\t\t<\/div>\r\n\t\t\t\t<\/div>\r\n\t\t\t\t\t\t<\/div>\r\n\t\t\t\t\t<\/div>\r\n\t\t<\/div>\r\n\t\t\t\t\t\t\t\t<\/div>\r\n\t\t\t\t\t<\/div>\r\n\t\t<\/section>\r\n\t\t\t\t<section class=\"elementor-section elementor-top-section elementor-element elementor-element-400bbc8 elementor-section-boxed elementor-section-height-default elementor-section-height-default\" data-id=\"400bbc8\" data-element_type=\"section\" data-settings=\"{&quot;background_background&quot;:&quot;classic&quot;}\">\r\n\t\t\t\t\t\t<div class=\"elementor-container elementor-column-gap-default\">\r\n\t\t\t\t\t\t\t<div class=\"elementor-row\">\r\n\t\t\t\t\t<div class=\"elementor-column elementor-col-50 elementor-top-column elementor-element elementor-element-0064761 elementor-invisible\" data-id=\"0064761\" data-element_type=\"column\" data-settings=\"{&quot;background_background&quot;:&quot;classic&quot;,&quot;animation&quot;:&quot;fadeInLeft&quot;}\">\r\n\t\t\t<div class=\"elementor-column-wrap elementor-element-populated\">\r\n\t\t\t\t\t\t\t<div class=\"elementor-widget-wrap\">\r\n\t\t\t\t\t\t<div class=\"elementor-element elementor-element-04b5451 elementor-widget elementor-widget-canteen-texticon\" data-id=\"04b5451\" data-element_type=\"widget\" data-widget_type=\"canteen-texticon.default\">\r\n\t\t\t\t<div class=\"elementor-widget-container\">\r\n\t\t\t\r\n\t\t\r\r\n\t\t<div class=\"box-with-icon feature-3\">\r\r\n\r\r\n\t\t  <i class=\"canteen-icon fa fa fa-map-marker\"><\/i>\r\r\n\r\r\n\t\t  \r\n\t\t  <div class=\"cont\">\r\r\n\t\t  <h3 class=\"icon-title\">Notre adresse<\/h3>\r\r\n\t\t  \r\n\t\t  \r\r\n\t\t  \r\n          \r\r\n\t\t  <div class=\"icon-text\"><p>21 quai Saint-Nicolas<br>67000<br>Strasbourg<\/p><\/div>\r\r\n\t\t  \r\r\n\t\t  \r\r\n\t\t  \r\r\n\t\t  \r\n\t\t  \r\r\n          \r\r\n\t  <\/div><!--\/.cont-->\r\r\n\t  <\/div><!--\/.box-icon-->\r\r\n\t\t\r\r\n\t\t\r\r\n\t\t\r\r\n\t\t\t<\/div>\r\n\t\t\t\t<\/div>\r\n\t\t\t\t<div class=\"elementor-element elementor-element-f35d264 elementor-widget elementor-widget-canteen-texticon\" data-id=\"f35d264\" data-element_type=\"widget\" data-widget_type=\"canteen-texticon.default\">\r\n\t\t\t\t<div class=\"elementor-widget-container\">\r\n\t\t\t\r\n\t\t\r\r\n\t\t<div class=\"box-with-icon feature-3\">\r\r\n\r\r\n\t\t  <i class=\"canteen-icon fa fa fa-mobile-phone\"><\/i>\r\r\n\r\r\n\t\t  \r\n\t\t  <div class=\"cont\">\r\r\n\t\t  <h3 class=\"icon-title\">Nous contacter<\/h3>\r\r\n\t\t  \r\n\t\t  \r\r\n\t\t  \r\n          \r\r\n\t\t  <div class=\"icon-text\"><p>T\u00e9l\u00e9phone : <a href=\"tel:+33 3 88 35 60 68\">03 88 35 60 68<\/a><\/p><\/div>\r\r\n\t\t  \r\r\n\t\t  \r\r\n\t\t  \r\r\n\t\t  \r\n\t\t  \r\r\n          \r\r\n\t  <\/div><!--\/.cont-->\r\r\n\t  <\/div><!--\/.box-icon-->\r\r\n\t\t\r\r\n\t\t\r\r\n\t\t\r\r\n\t\t\t<\/div>\r\n\t\t\t\t<\/div>\r\n\t\t\t\t<div class=\"elementor-element elementor-element-7e54a7a elementor-shape-rounded elementor-grid-0 elementor-widget elementor-widget-social-icons\" data-id=\"7e54a7a\" data-element_type=\"widget\" data-widget_type=\"social-icons.default\">\r\n\t\t\t\t<div class=\"elementor-widget-container\">\r\n\t\t\t\t\t<div class=\"elementor-social-icons-wrapper elementor-grid\">\r\n\t\t\t\t\t\t\t<div class=\"elementor-grid-item\">\r\n\t\t\t\t\t<a class=\"elementor-icon elementor-social-icon elementor-social-icon-facebook-f elementor-animation-bounce-in elementor-repeater-item-d9c3049\" href=\"https:\/\/www.facebook.com\/aupontcorbeau\/\" target=\"_blank\">\r\n\t\t\t\t\t\t<span class=\"elementor-screen-only\">Facebook-f<\/span>\r\n\t\t\t\t\t\t<i class=\"fab fa-facebook-f\"><\/i>\t\t\t\t\t<\/a>\r\n\t\t\t\t<\/div>\r\n\t\t\t\t\t<\/div>\r\n\t\t\t\t<\/div>\r\n\t\t\t\t<\/div>\r\n\t\t\t\t\t\t<\/div>\r\n\t\t\t\t\t<\/div>\r\n\t\t<\/div>\r\n\t\t\t\t<div class=\"elementor-column elementor-col-50 elementor-top-column elementor-element elementor-element-7937d70\" data-id=\"7937d70\" data-element_type=\"column\">\r\n\t\t\t<div class=\"elementor-column-wrap elementor-element-populated\">\r\n\t\t\t\t\t\t\t<div class=\"elementor-widget-wrap\">\r\n\t\t\t\t\t\t<div class=\"elementor-element elementor-element-5cb517a map-default elementor-invisible elementor-widget elementor-widget-google_maps\" data-id=\"5cb517a\" data-element_type=\"widget\" data-settings=\"{&quot;_animation&quot;:&quot;slideInRight&quot;}\" data-widget_type=\"google_maps.default\">\r\n\t\t\t\t<div class=\"elementor-widget-container\">\r\n\t\t\t<div class=\"elementor-custom-embed\"><iframe frameborder=\"0\" scrolling=\"no\" marginheight=\"0\" marginwidth=\"0\" src=\"https:\/\/maps.google.com\/maps?q=restaurant%20pont%20corbeau&amp;t=m&amp;z=10&amp;output=embed&amp;iwloc=near\" title=\"restaurant pont corbeau\" aria-label=\"restaurant pont corbeau\"><\/iframe><\/div>\t\t<\/div>\r\n\t\t\t\t<\/div>\r\n\t\t\t\t\t\t<\/div>\r\n\t\t\t\t\t<\/div>\r\n\t\t<\/div>\r\n\t\t\t\t\t\t\t\t<\/div>\r\n\t\t\t\t\t<\/div>\r\n\t\t<\/section>\r\n\t\t\t\t\t\t<\/div>\r\n\t\t\t\t\t\t<\/div>\r\n\t\t\t\t\t<\/div>\r\n\t\t","protected":false},"excerpt":{"rendered":"<p>Reservation au 03.88.35.60.68 LA WINSTUB Reservation au 03.88.35.60.68 LA WINSTUB La Winstub \u00c0 c\u00f4t\u00e9 du Mus\u00e9e alsacien d\u00e9di\u00e9 \u00e0 l&#8217;art populaire, une savoureuse mani\u00e8re de passer \u00e0 la pratique ! Tout s\u00e9duit dans cette authentique winstub tenue en famille : le d\u00e9cor traditionnel (\u00e9l\u00e9ments Renaissance, affiches), le choix de vins et, bien s\u00fbr, la cuisine alsacienne, appuy\u00e9e sur un r\u00e9seau &hellip;<\/p>\n","protected":false},"author":1,"featured_media":0,"parent":0,"menu_order":0,"comment_status":"closed","ping_status":"closed","template":"blank-builder.php","meta":[],"_links":{"self":[{"href":"http:\/\/www.aupontcorbeau.fr\/index.php\/wp-json\/wp\/v2\/pages\/2619"}],"collection":[{"href":"http:\/\/www.aupontcorbeau.fr\/index.php\/wp-json\/wp\/v2\/pages"}],"about":[{"href":"http:\/\/www.aupontcorbeau.fr\/index.php\/wp-json\/wp\/v2\/types\/page"}],"author":[{"embeddable":true,"href":"http:\/\/www.aupontcorbeau.fr\/index.php\/wp-json\/wp\/v2\/users\/1"}],"replies":[{"embeddable":true,"href":"http:\/\/www.aupontcorbeau.fr\/index.php\/wp-json\/wp\/v2\/comments?post=2619"}],"version-history":[{"count":56,"href":"http:\/\/www.aupontcorbeau.fr\/index.php\/wp-json\/wp\/v2\/pages\/2619\/revisions"}],"predecessor-version":[{"id":3450,"href":"http:\/\/www.aupontcorbeau.fr\/index.php\/wp-json\/wp\/v2\/pages\/2619\/revisions\/3450"}],"wp:attachment":[{"href":"http:\/\/www.aupontcorbeau.fr\/index.php\/wp-json\/wp\/v2\/media?parent=2619"}],"curies":[{"name":"wp","href":"https:\/\/api.w.org\/{rel}","templated":true}]}}